{"id":138,"date":"2022-05-09T08:05:04","date_gmt":"2022-05-09T06:05:04","guid":{"rendered":"https:\/\/constabel-print.de\/wp\/?page_id=138"},"modified":"2025-07-18T13:11:39","modified_gmt":"2025-07-18T11:11:39","slug":"druckerei-constabel","status":"publish","type":"page","link":"https:\/\/constabel-print.de\/wp\/","title":{"rendered":"Druckerei Constabel"},"content":{"rendered":"<div class=\"wpb-content-wrapper\"><p>[vc_row type=&#8220;vc_default&#8220;][vc_column][vc_empty_space height=&#8220;140px&#8220;][vc_column_text css_animation=&#8220;fadeIn&#8220;]<\/p>\n<h1 style=\"text-align: center;\"><span style=\"color: #ffffff;\">Druckerei Constabel<\/span><\/h1>\n<p>[\/vc_column_text][vc_empty_space height=&#8220;80px&#8220;][\/vc_column][\/vc_row][vc_row type=&#8220;vc_default&#8220; full_width=&#8220;stretch_row&#8220; bg_type=&#8220;image&#8220; css=&#8220;.vc_custom_1659700974682{margin-bottom: -150px !important;background-position: center !important;background-repeat: no-repeat !important;background-size: contain !important;}&#8220;][vc_column][vc_row_inner equal_height=&#8220;yes&#8220; css=&#8220;.vc_custom_1654270129550{margin-bottom: 0px !important;border-bottom-width: 0px !important;padding-bottom: 0px !important;background-position: 0 0 !important;background-repeat: no-repeat !important;}&#8220;][vc_column_inner width=&#8220;3\/5&#8243; css=&#8220;.vc_custom_1741266417260{margin-top: 0px !important;margin-right: 0px !important;margin-bottom: 0px !important;margin-left: 0px !important;padding-top: 0px !important;padding-right: 0px !important;padding-bottom: 0px !important;padding-left: 0px !important;background-color: #414141 !important;}&#8220;][vc_column_text css_animation=&#8220;fadeIn&#8220; css=&#8220;.vc_custom_1739187692418{margin-top: 50px !important;margin-right: 50px !important;margin-bottom: 50px !important;margin-left: 50px !important;}&#8220;]<\/p>\n<h4><span style=\"color: #ffffff;\">Bei uns bekommen Sie den kompetenten Rundum-Service aus einer Hand. Von der Beratung, \u00fcber die Druckvorstufe, den Offsetdruck und Digitaldruck sowie die Weiterverarbeitung bis hin zum Versand. Rufen Sie uns gerne an oder mailen Sie uns Ihr Anliegen per Mail. Oder schauen Sie bei uns in der Druckerei direkt vorbei. W\u00e4hrend unserer \u00d6ffnungszeiten sind wir immer f\u00fcr Sie da.<\/span><\/h4>\n<p>[\/vc_column_text][\/vc_column_inner][vc_column_inner width=&#8220;2\/5&#8243; css=&#8220;.vc_custom_1741266457484{margin-top: 0px !important;margin-right: 0px !important;margin-bottom: 0px !important;margin-left: 0px !important;padding-top: 0px !important;padding-right: 0px !important;padding-bottom: 0px !important;padding-left: 0px !important;background-color: #414141 !important;}&#8220;]<style type=\"text\/css\" data-type=\"the7_shortcodes-inline-css\">.shortcode-single-image-wrap.shortcode-single-image-6cbc177261942ffbade8b64ef14039b6.enable-bg-rollover .rollover i,\n.shortcode-single-image-wrap.shortcode-single-image-6cbc177261942ffbade8b64ef14039b6.enable-bg-rollover .rollover-video i {\n  background: -webkit-linear-gradient();\n  background: linear-gradient();\n}\n.shortcode-single-image-wrap.shortcode-single-image-6cbc177261942ffbade8b64ef14039b6 .rollover-icon {\n  font-size: 32px;\n  color: #ffffff;\n  min-width: 44px;\n  min-height: 44px;\n  line-height: 44px;\n  border-radius: 100px;\n  border-style: solid;\n  border-width: 0px;\n}\n.dt-icon-bg-on.shortcode-single-image-wrap.shortcode-single-image-6cbc177261942ffbade8b64ef14039b6 .rollover-icon {\n  background: rgba(255,255,255,0.3);\n  box-shadow: none;\n}\n<\/style><div class=\"shortcode-single-image-wrap shortcode-single-image-6cbc177261942ffbade8b64ef14039b6 alignnone fadeIn animate-element  vc_custom_1747833542547 enable-bg-rollover dt-icon-bg-off\" ><div class=\"shortcode-single-image\"><div class=\"fancy-media-wrap  layzr-bg\" style=\"\"><img fetchpriority=\"high\" decoding=\"async\" class=\"preload-me lazy-load aspect\" src=\"data:image\/svg+xml,%3Csvg%20xmlns%3D&#39;http%3A%2F%2Fwww.w3.org%2F2000%2Fsvg&#39;%20viewBox%3D&#39;0%200%201000%20666&#39;%2F%3E\" data-src=\"https:\/\/constabel-print.de\/wp\/wp-content\/uploads\/25-Constabel-Abb-007-Tk.jpg\" data-srcset=\"https:\/\/constabel-print.de\/wp\/wp-content\/uploads\/25-Constabel-Abb-007-Tk.jpg 1000w\" loading=\"eager\" sizes=\"(max-width: 1000px) 100vw, 1000px\" width=\"1000\" height=\"666\"  data-dt-location=\"https:\/\/constabel-print.de\/wp\/produkte-gestaltung-druck\/25-constabel-abb-007-tk\/\" style=\"--ratio: 1000 \/ 666;\" alt=\"Druckerei\" \/><\/div><\/div><\/div>[\/vc_column_inner][\/vc_row_inner][\/vc_column][\/vc_row][vc_row type=&#8220;vc_default&#8220; full_width=&#8220;stretch_row&#8220; css=&#8220;.vc_custom_1654270252789{background-color: #ffffff !important;}&#8220;][vc_column][vc_row_inner css=&#8220;.vc_custom_1651579204221{margin-top: 0px !important;margin-bottom: 0px !important;border-top-width: 0px !important;padding-top: 0px !important;padding-bottom: 0px !important;background-color: #ffffff !important;}&#8220;][vc_column_inner css=&#8220;.vc_custom_1650961574120{margin: 0px !important;padding: 0px !important;}&#8220;][vc_empty_space height=&#8220;200px&#8220;][\/vc_column_inner][\/vc_row_inner][vc_row_inner css=&#8220;.vc_custom_1650961336216{margin-top: 0px !important;border-top-width: 0px !important;padding-top: 0px !important;background-color: #ffffff !important;}&#8220;][vc_column_inner css=&#8220;.vc_custom_1650961509896{margin-top: 0px !important;margin-right: 0px !important;margin-bottom: 0px !important;margin-left: 0px !important;border-top-width: 0px !important;padding-top: 0px !important;padding-right: 0px !important;padding-bottom: 0px !important;padding-left: 0px !important;}&#8220;][vc_column_text css_animation=&#8220;fadeIn&#8220; css=&#8220;.vc_custom_1652103808682{margin-top: 50px !important;margin-right: 50px !important;margin-bottom: 0px !important;margin-left: 50px !important;padding-bottom: 0px !important;}&#8220;]<\/p>\n<h2>Ihre Druckerei in Hademarschen<\/h2>\n<p>[\/vc_column_text][vc_separator color=&#8220;black&#8220; align=&#8220;align_left&#8220; el_width=&#8220;40&#8243; css_animation=&#8220;zoomIn&#8220; css=&#8220;.vc_custom_1654271207675{margin-top: 10px !important;margin-bottom: 10px !important;padding-top: 0px !important;padding-bottom: 0px !important;}&#8220;][\/vc_column_inner][\/vc_row_inner][vc_row_inner css=&#8220;.vc_custom_1652190076999{margin-top: 0px !important;border-top-width: 0px !important;padding-top: 0px !important;background-color: #ffffff !important;}&#8220;][vc_column_inner width=&#8220;2\/3&#8243; css=&#8220;.vc_custom_1650961509896{margin-top: 0px !important;margin-right: 0px !important;margin-bottom: 0px !important;margin-left: 0px !important;border-top-width: 0px !important;padding-top: 0px !important;padding-right: 0px !important;padding-bottom: 0px !important;padding-left: 0px !important;}&#8220;][vc_column_text css_animation=&#8220;fadeIn&#8220; css=&#8220;.vc_custom_1688652421006{margin-top: 50px !important;margin-right: 50px !important;margin-bottom: 50px !important;margin-left: 50px !important;}&#8220;]Im Herzen Schleswig-Holsteins bieten wir seit \u00fcber 160 Jahren Drucksachen aller Art an. Wir haben uns auf die Herstellung von hochwertigen und anspruchsvollen Drucksachen spezialisiert und fertigen diese bereits in der 5. Generation. Besonders stolz sind wir auf die Qualit\u00e4t unserer Produkte, die wir durch ein hohes Ma\u00df an Flexibilit\u00e4t und Einsatzbereitschaft mit moderner Technologie in unserem Hause fertigen. Bei uns bekommen Sie den kompetenten Rundum-Service aus einer Hand: Von der Beratung, \u00fcber die Druckvorstufe, den Offsetdruck und Digitaldruck sowie die Weiterverarbeitung bis hin zum Versand. Unser Familienunternehmen produziert f\u00fcr Sie Druckerzeugnisse in ausgezeichneter Qualit\u00e4t.[\/vc_column_text][\/vc_column_inner][vc_column_inner width=&#8220;1\/3&#8243; css=&#8220;.vc_custom_1650961574120{margin: 0px !important;padding: 0px !important;}&#8220;]<style type=\"text\/css\" data-type=\"the7_shortcodes-inline-css\">.shortcode-single-image-wrap.shortcode-single-image-14fbb60da17cac02dc1c7cc1374d3699.enable-bg-rollover .rollover i,\n.shortcode-single-image-wrap.shortcode-single-image-14fbb60da17cac02dc1c7cc1374d3699.enable-bg-rollover .rollover-video i {\n  background: -webkit-linear-gradient();\n  background: linear-gradient();\n}\n.shortcode-single-image-wrap.shortcode-single-image-14fbb60da17cac02dc1c7cc1374d3699 .rollover-icon {\n  font-size: 32px;\n  color: #ffffff;\n  min-width: 44px;\n  min-height: 44px;\n  line-height: 44px;\n  border-radius: 100px;\n  border-style: solid;\n  border-width: 0px;\n}\n.dt-icon-bg-on.shortcode-single-image-wrap.shortcode-single-image-14fbb60da17cac02dc1c7cc1374d3699 .rollover-icon {\n  background: rgba(255,255,255,0.3);\n  box-shadow: none;\n}\n<\/style><div class=\"shortcode-single-image-wrap shortcode-single-image-14fbb60da17cac02dc1c7cc1374d3699 alignnone fadeIn animate-element  enable-bg-rollover dt-icon-bg-off\" style=\"margin-top:0px; margin-bottom:0px; margin-left:0px; margin-right:0px;\"><div class=\"shortcode-single-image\"><div class=\"fancy-media-wrap  layzr-bg\" style=\"\"><img decoding=\"async\" class=\"preload-me lazy-load aspect\" src=\"data:image\/svg+xml,%3Csvg%20xmlns%3D&#39;http%3A%2F%2Fwww.w3.org%2F2000%2Fsvg&#39;%20viewBox%3D&#39;0%200%20450%20300&#39;%2F%3E\" data-src=\"https:\/\/constabel-print.de\/wp\/wp-content\/uploads\/25_logo_constabel_1200_800.png\" data-srcset=\"https:\/\/constabel-print.de\/wp\/wp-content\/uploads\/25_logo_constabel_1200_800.png 450w\" loading=\"eager\" sizes=\"(max-width: 450px) 100vw, 450px\" width=\"450\" height=\"300\"  data-dt-location=\"https:\/\/constabel-print.de\/wp\/druckerei-constabel\/25_logo_constabel_1200_800\/\" style=\"--ratio: 450 \/ 300;\" alt=\"Druckerei Constabel Hademarschen\" \/><\/div><\/div><\/div>[\/vc_column_inner][\/vc_row_inner][vc_empty_space height=&#8220;50px&#8220;][vc_row_inner css=&#8220;.vc_custom_1739289517875{margin-top: 0px !important;border-top-width: 0px !important;padding-top: 0px !important;background-color: #FFFFFF !important;}&#8220;][vc_column_inner width=&#8220;1\/3&#8243; css=&#8220;.vc_custom_1650961509896{margin-top: 0px !important;margin-right: 0px !important;margin-bottom: 0px !important;margin-left: 0px !important;border-top-width: 0px !important;padding-top: 0px !important;padding-right: 0px !important;padding-bottom: 0px !important;padding-left: 0px !important;}&#8220;]<style type=\"text\/css\" data-type=\"the7_shortcodes-inline-css\">.shortcode-single-image-wrap.shortcode-single-image-04d0d5934e3500a928adfb6fa82f8a67.enable-bg-rollover .rollover i,\n.shortcode-single-image-wrap.shortcode-single-image-04d0d5934e3500a928adfb6fa82f8a67.enable-bg-rollover .rollover-video i {\n  background: -webkit-linear-gradient();\n  background: linear-gradient();\n}\n.shortcode-single-image-wrap.shortcode-single-image-04d0d5934e3500a928adfb6fa82f8a67 .rollover-icon {\n  font-size: 32px;\n  color: #ffffff;\n  min-width: 44px;\n  min-height: 44px;\n  line-height: 44px;\n  border-radius: 100px;\n  border-style: solid;\n  border-width: 0px;\n}\n.dt-icon-bg-on.shortcode-single-image-wrap.shortcode-single-image-04d0d5934e3500a928adfb6fa82f8a67 .rollover-icon {\n  background: rgba(255,255,255,0.3);\n  box-shadow: none;\n}\n<\/style><div class=\"shortcode-single-image-wrap shortcode-single-image-04d0d5934e3500a928adfb6fa82f8a67 alignnone  vc_custom_1741174330719 enable-bg-rollover dt-icon-bg-off\" ><div class=\"shortcode-single-image\"><div class=\"fancy-media-wrap  layzr-bg\" style=\"\"><img decoding=\"async\" class=\"preload-me lazy-load aspect\" src=\"data:image\/svg+xml,%3Csvg%20xmlns%3D&#39;http%3A%2F%2Fwww.w3.org%2F2000%2Fsvg&#39;%20viewBox%3D&#39;0%200%201000%20500&#39;%2F%3E\" data-src=\"https:\/\/constabel-print.de\/wp\/wp-content\/uploads\/25-Constabel-Abb-B2-007k.jpg\" data-srcset=\"https:\/\/constabel-print.de\/wp\/wp-content\/uploads\/25-Constabel-Abb-B2-007k.jpg 1000w\" loading=\"eager\" sizes=\"(max-width: 1000px) 100vw, 1000px\" width=\"1000\" height=\"500\"  data-dt-location=\"https:\/\/constabel-print.de\/wp\/produkte-gestaltung-druck\/25-constabel-abb-b2-007k\/\" style=\"--ratio: 1000 \/ 500;\" alt=\"\" \/><\/div><\/div><\/div>[vc_column_text css_animation=&#8220;fadeIn&#8220; css=&#8220;.vc_custom_1739258693227{margin-top: 50px !important;margin-right: 50px !important;margin-bottom: 0px !important;margin-left: 50px !important;padding-bottom: 0px !important;}&#8220;]<\/p>\n<h3>Druckproduktion<\/h3>\n<p>[\/vc_column_text][vc_separator color=&#8220;black&#8220; align=&#8220;align_left&#8220; el_width=&#8220;40&#8243; css_animation=&#8220;zoomIn&#8220; css=&#8220;.vc_custom_1654271207675{margin-top: 10px !important;margin-bottom: 10px !important;padding-top: 0px !important;padding-bottom: 0px !important;}&#8220;][vc_column_text css_animation=&#8220;fadeIn&#8220; css=&#8220;.vc_custom_1739285357596{margin-top: 30px !important;margin-right: 50px !important;margin-bottom: 50px !important;margin-left: 50px !important;padding-top: 0px !important;}&#8220;]<\/p>\n<p style=\"text-align: left;\">Digitaldruck<br \/>\nOffsetdruck<br \/>\nWeiterverarbeitung<\/p>\n<p>[\/vc_column_text][vc_btn title=&#8220;Unsere Druckproduktion&#8220; style=&#8220;outline&#8220; shape=&#8220;square&#8220; color=&#8220;black&#8220; size=&#8220;lg&#8220; align=&#8220;left&#8220; i_icon_fontawesome=&#8220;fas fa-print&#8220; css_animation=&#8220;fadeIn&#8220; css=&#8220;.vc_custom_1739285205250{margin-left: 50px !important;}&#8220; add_icon=&#8220;true&#8220; link=&#8220;url:https%3A%2F%2Fconstabel-print.de%2Fwp%2Fprodukte-gestaltung-druck%2Fdruckproduktion%2F|title:Druckproduktion&#8220;][\/vc_column_inner][vc_column_inner width=&#8220;1\/3&#8243; css=&#8220;.vc_custom_1650961574120{margin: 0px !important;padding: 0px !important;}&#8220;]<style type=\"text\/css\" data-type=\"the7_shortcodes-inline-css\">.shortcode-single-image-wrap.shortcode-single-image-8cc5690fab9450d3d9259f01cee39f94.enable-bg-rollover .rollover i,\n.shortcode-single-image-wrap.shortcode-single-image-8cc5690fab9450d3d9259f01cee39f94.enable-bg-rollover .rollover-video i {\n  background: -webkit-linear-gradient();\n  background: linear-gradient();\n}\n.shortcode-single-image-wrap.shortcode-single-image-8cc5690fab9450d3d9259f01cee39f94 .rollover-icon {\n  font-size: 32px;\n  color: #ffffff;\n  min-width: 44px;\n  min-height: 44px;\n  line-height: 44px;\n  border-radius: 100px;\n  border-style: solid;\n  border-width: 0px;\n}\n.dt-icon-bg-on.shortcode-single-image-wrap.shortcode-single-image-8cc5690fab9450d3d9259f01cee39f94 .rollover-icon {\n  background: rgba(255,255,255,0.3);\n  box-shadow: none;\n}\n<\/style><div class=\"shortcode-single-image-wrap shortcode-single-image-8cc5690fab9450d3d9259f01cee39f94 alignnone  vc_custom_1741174313326 enable-bg-rollover dt-icon-bg-off\" ><div class=\"shortcode-single-image\"><div class=\"fancy-media-wrap  layzr-bg\" style=\"\"><img decoding=\"async\" class=\"preload-me lazy-load aspect\" src=\"data:image\/svg+xml,%3Csvg%20xmlns%3D&#39;http%3A%2F%2Fwww.w3.org%2F2000%2Fsvg&#39;%20viewBox%3D&#39;0%200%201000%20500&#39;%2F%3E\" data-src=\"https:\/\/constabel-print.de\/wp\/wp-content\/uploads\/25-Constabel-Abb-001-B2k.jpg\" data-srcset=\"https:\/\/constabel-print.de\/wp\/wp-content\/uploads\/25-Constabel-Abb-001-B2k.jpg 1000w\" loading=\"eager\" sizes=\"(max-width: 1000px) 100vw, 1000px\" width=\"1000\" height=\"500\"  data-dt-location=\"https:\/\/constabel-print.de\/wp\/produkte-gestaltung-druck\/25-constabel-abb-001-b2k\/\" style=\"--ratio: 1000 \/ 500;\" alt=\"\" \/><\/div><\/div><\/div>[vc_column_text css_animation=&#8220;fadeIn&#8220; css=&#8220;.vc_custom_1739258705728{margin-top: 50px !important;margin-right: 50px !important;margin-bottom: 0px !important;margin-left: 50px !important;padding-bottom: 0px !important;}&#8220;]<\/p>\n<h3>Druckprodukte<\/h3>\n<p>[\/vc_column_text][vc_separator color=&#8220;black&#8220; align=&#8220;align_left&#8220; el_width=&#8220;40&#8243; css_animation=&#8220;zoomIn&#8220; css=&#8220;.vc_custom_1654271207675{margin-top: 10px !important;margin-bottom: 10px !important;padding-top: 0px !important;padding-bottom: 0px !important;}&#8220;][vc_column_text css=&#8220;.vc_custom_1739285349356{margin-top: 30px !important;margin-right: 50px !important;margin-bottom: 50px !important;margin-left: 50px !important;padding-top: 0px !important;}&#8220;]Gesch\u00e4ftspapiere<br \/>\nDrucksachen Werbung<br \/>\nBesondere Drucksachen[\/vc_column_text][vc_btn title=&#8220;Unsere Druckprodukte&#8220; style=&#8220;outline&#8220; shape=&#8220;square&#8220; color=&#8220;black&#8220; size=&#8220;lg&#8220; align=&#8220;left&#8220; i_icon_fontawesome=&#8220;fas fa-book-open&#8220; css_animation=&#8220;fadeIn&#8220; css=&#8220;.vc_custom_1739285245523{margin-left: 50px !important;}&#8220; add_icon=&#8220;true&#8220; link=&#8220;url:https%3A%2F%2Fconstabel-print.de%2Fwp%2Fprodukte-gestaltung-druck%2Fdruckprodukte%2F|title:Druckprodukte&#8220;][\/vc_column_inner][vc_column_inner width=&#8220;1\/3&#8243; css=&#8220;.vc_custom_1650961581392{margin: 0px !important;padding: 0px !important;}&#8220;]<style type=\"text\/css\" data-type=\"the7_shortcodes-inline-css\">.shortcode-single-image-wrap.shortcode-single-image-32369e767d0c56988e7575574b2aa999.enable-bg-rollover .rollover i,\n.shortcode-single-image-wrap.shortcode-single-image-32369e767d0c56988e7575574b2aa999.enable-bg-rollover .rollover-video i {\n  background: -webkit-linear-gradient();\n  background: linear-gradient();\n}\n.shortcode-single-image-wrap.shortcode-single-image-32369e767d0c56988e7575574b2aa999 .rollover-icon {\n  font-size: 32px;\n  color: #ffffff;\n  min-width: 44px;\n  min-height: 44px;\n  line-height: 44px;\n  border-radius: 100px;\n  border-style: solid;\n  border-width: 0px;\n}\n.dt-icon-bg-on.shortcode-single-image-wrap.shortcode-single-image-32369e767d0c56988e7575574b2aa999 .rollover-icon {\n  background: rgba(255,255,255,0.3);\n  box-shadow: none;\n}\n<\/style><div class=\"shortcode-single-image-wrap shortcode-single-image-32369e767d0c56988e7575574b2aa999 alignnone  vc_custom_1741174323376 enable-bg-rollover dt-icon-bg-off\" ><div class=\"shortcode-single-image\"><div class=\"fancy-media-wrap  layzr-bg\" style=\"\"><img decoding=\"async\" class=\"preload-me lazy-load aspect\" src=\"data:image\/svg+xml,%3Csvg%20xmlns%3D&#39;http%3A%2F%2Fwww.w3.org%2F2000%2Fsvg&#39;%20viewBox%3D&#39;0%200%201000%20500&#39;%2F%3E\" data-src=\"https:\/\/constabel-print.de\/wp\/wp-content\/uploads\/25-Constabel-Abb-004-B2k.jpg\" data-srcset=\"https:\/\/constabel-print.de\/wp\/wp-content\/uploads\/25-Constabel-Abb-004-B2k.jpg 1000w\" loading=\"eager\" sizes=\"(max-width: 1000px) 100vw, 1000px\" width=\"1000\" height=\"500\"  data-dt-location=\"https:\/\/constabel-print.de\/wp\/produkte-gestaltung-druck\/25-constabel-abb-004-b2k\/\" style=\"--ratio: 1000 \/ 500;\" alt=\"\" \/><\/div><\/div><\/div>[vc_column_text css_animation=&#8220;fadeIn&#8220; css=&#8220;.vc_custom_1739258718679{margin-top: 50px !important;margin-right: 50px !important;margin-bottom: 0px !important;margin-left: 50px !important;padding-bottom: 0px !important;}&#8220;]<\/p>\n<h3>Druckgestaltung<\/h3>\n<p>[\/vc_column_text][vc_separator color=&#8220;black&#8220; align=&#8220;align_left&#8220; el_width=&#8220;40&#8243; css_animation=&#8220;zoomIn&#8220; css=&#8220;.vc_custom_1654271207675{margin-top: 10px !important;margin-bottom: 10px !important;padding-top: 0px !important;padding-bottom: 0px !important;}&#8220;][vc_column_text css=&#8220;.vc_custom_1739284787809{margin-top: 30px !important;margin-right: 50px !important;margin-bottom: 50px !important;margin-left: 50px !important;padding-top: 0px !important;}&#8220;]Druckvorstufe<br \/>\nGestaltung von Drucksachen<br \/>\nHochzeitszeitung[\/vc_column_text][vc_btn title=&#8220;Zur Druckgestaltung&#8220; style=&#8220;outline&#8220; shape=&#8220;square&#8220; color=&#8220;black&#8220; size=&#8220;lg&#8220; align=&#8220;left&#8220; i_icon_fontawesome=&#8220;fas fa-desktop&#8220; css_animation=&#8220;fadeIn&#8220; css=&#8220;.vc_custom_1739285279259{margin-left: 50px !important;}&#8220; add_icon=&#8220;true&#8220; link=&#8220;url:https%3A%2F%2Fconstabel-print.de%2Fwp%2Fprodukte-gestaltung-druck%2Fdruckgestaltung%2F|title:Druckgestaltung&#8220;][\/vc_column_inner][\/vc_row_inner][vc_empty_space height=&#8220;50px&#8220;][vc_row_inner css=&#8220;.vc_custom_1650961336216{margin-top: 0px !important;border-top-width: 0px !important;padding-top: 0px !important;background-color: #ffffff !important;}&#8220;][vc_column_inner width=&#8220;1\/2&#8243; css=&#8220;.vc_custom_1650961509896{margin-top: 0px !important;margin-right: 0px !important;margin-bottom: 0px !important;margin-left: 0px !important;border-top-width: 0px !important;padding-top: 0px !important;padding-right: 0px !important;padding-bottom: 0px !important;padding-left: 0px !important;}&#8220;][vc_column_text css_animation=&#8220;fadeIn&#8220; css=&#8220;.vc_custom_1739284290030{margin-top: 50px !important;margin-right: 50px !important;margin-bottom: 0px !important;margin-left: 50px !important;padding-bottom: 0px !important;}&#8220;]<\/p>\n<h3>Flexible Druckproduktion<\/h3>\n<p>[\/vc_column_text][vc_separator color=&#8220;black&#8220; align=&#8220;align_left&#8220; el_width=&#8220;40&#8243; css_animation=&#8220;zoomIn&#8220; css=&#8220;.vc_custom_1654271207675{margin-top: 10px !important;margin-bottom: 10px !important;padding-top: 0px !important;padding-bottom: 0px !important;}&#8220;][vc_column_text css_animation=&#8220;fadeIn&#8220; css=&#8220;.vc_custom_1747833629284{margin-top: 30px !important;margin-right: 50px !important;margin-bottom: 50px !important;margin-left: 50px !important;padding-top: 0px !important;}&#8220;]Unser Druckerei macht nahezu jeden Druckauftrag m\u00f6glich. Flexibel, individuell auf Wunsch auch Over Night. Das <a href=\"https:\/\/constabel-print.de\/wp\/produkte-gestaltung-druck\/druckprodukte\/\">Spektrum<\/a> unserer Druckerei ist breit gef\u00e4chert: Bl\u00f6cke, Briefbogen, Briefumschl\u00e4ge, Brosch\u00fcren, B\u00fccher, Einladungskarten, Flyer, Hochzeitskarten, Magazine, Men\u00fckarten, Plakate, Rechnungen, Schreibtischunterlagen, Visitenkarten, Werbematerial, Wahlwerbung und alles, was man auf Papier drucken kann.[\/vc_column_text][\/vc_column_inner][vc_column_inner width=&#8220;1\/2&#8243; css=&#8220;.vc_custom_1650961574120{margin: 0px !important;padding: 0px !important;}&#8220;][vc_column_text css_animation=&#8220;fadeIn&#8220; css=&#8220;.vc_custom_1739283804911{margin-top: 50px !important;margin-right: 50px !important;margin-bottom: 0px !important;margin-left: 50px !important;padding-bottom: 0px !important;}&#8220;]<\/p>\n<h3>Theodor Storm in Hademarschen<\/h3>\n<p>[\/vc_column_text][vc_separator color=&#8220;black&#8220; align=&#8220;align_left&#8220; el_width=&#8220;40&#8243; css_animation=&#8220;zoomIn&#8220; css=&#8220;.vc_custom_1654271207675{margin-top: 10px !important;margin-bottom: 10px !important;padding-top: 0px !important;padding-bottom: 0px !important;}&#8220;][vc_column_text css_animation=&#8220;fadeIn&#8220; css=&#8220;.vc_custom_1739284643061{margin-top: 30px !important;margin-right: 50px !important;margin-bottom: 50px !important;margin-left: 50px !important;padding-top: 0px !important;}&#8220;]Der Schriftsteller <a href=\"https:\/\/www.storm-gesellschaft.de\/storm-orte\/hademarschen\" target=\"_blank\" rel=\"noopener\">Theodor Storm<\/a> lebte bis zu seinem Tode im Jahre 1888 die letzten 10 Jahre seines Lebens in dem damals beschaulichen Dorf <a href=\"https:\/\/www.hanerau-hademarschen.de\/startseite\/\" target=\"_blank\" rel=\"noopener\">Hademarschen<\/a>. Schon sein Bruder Johannes lebte mit seiner Frau in Hademarschen und verdiente sein Geld als Holzh\u00e4ndler. Eine <a href=\"https:\/\/www.hanerau-hademarschen.de\/freizeit-kultur-soziales\/stellwerkmuseum-bahnhof\/\" target=\"_blank\" rel=\"noopener\">Eisenbahnstation<\/a>, eine anmutige Gegend und die N\u00e4he zu Hamburg und Kiel waren einiger der Gr\u00fcnde, weshalb Theodor Storm mit seiner Frau nach Hademarschen zog.[\/vc_column_text][\/vc_column_inner][\/vc_row_inner][vc_empty_space height=&#8220;100px&#8220;][vc_row_inner css=&#8220;.vc_custom_1651579204221{margin-top: 0px !important;margin-bottom: 0px !important;border-top-width: 0px !important;padding-top: 0px !important;padding-bottom: 0px !important;background-color: #ffffff !important;}&#8220;][vc_column_inner css=&#8220;.vc_custom_1650961574120{margin: 0px !important;padding: 0px !important;}&#8220;][\/vc_column_inner][\/vc_row_inner][\/vc_column][\/vc_row]<\/p>\n<\/div>","protected":false},"excerpt":{"rendered":"<p>[vc_row type=&#8220;vc_default&#8220;][vc_column][vc_empty_space height=&#8220;140px&#8220;][vc_column_text css_animation=&#8220;fadeIn&#8220;] Druckerei Constabel [\/vc_column_text][vc_empty_space height=&#8220;80px&#8220;][\/vc_column][\/vc_row][vc_row type=&#8220;vc_default&#8220; full_width=&#8220;stretch_row&#8220; bg_type=&#8220;image&#8220; css=&#8220;.vc_custom_1659700974682{margin-bottom: -150px !important;background-position: center !important;background-repeat: no-repeat !important;background-size: contain !important;}&#8220;][vc_column][vc_row_inner equal_height=&#8220;yes&#8220; css=&#8220;.vc_custom_1654270129550{margin-bottom: 0px !important;border-bottom-width: 0px !important;padding-bottom: 0px !important;background-position: 0 0 !important;background-repeat: no-repeat !important;}&#8220;][vc_column_inner width=&#8220;3\/5&#8243; css=&#8220;.vc_custom_1741266417260{margin-top: 0px !important;margin-right: 0px !important;margin-bottom: 0px !important;margin-left: 0px !important;padding-top: 0px !important;padding-right: 0px !important;padding-bottom: 0px !important;padding-left: 0px !important;background-color: #414141 !important;}&#8220;][vc_column_text css_animation=&#8220;fadeIn&#8220; css=&#8220;.vc_custom_1739187692418{margin-top:&hellip;<\/p>\n","protected":false},"author":1,"featured_media":0,"parent":0,"menu_order":100,"comment_status":"closed","ping_status":"closed","template":"","meta":{"footnotes":""},"class_list":["post-138","page","type-page","status-publish","hentry","description-off"],"_links":{"self":[{"href":"https:\/\/constabel-print.de\/wp\/wp-json\/wp\/v2\/pages\/138","targetHints":{"allow":["GET"]}}],"collection":[{"href":"https:\/\/constabel-print.de\/wp\/wp-json\/wp\/v2\/pages"}],"about":[{"href":"https:\/\/constabel-print.de\/wp\/wp-json\/wp\/v2\/types\/page"}],"author":[{"embeddable":true,"href":"https:\/\/constabel-print.de\/wp\/wp-json\/wp\/v2\/users\/1"}],"replies":[{"embeddable":true,"href":"https:\/\/constabel-print.de\/wp\/wp-json\/wp\/v2\/comments?post=138"}],"version-history":[{"count":60,"href":"https:\/\/constabel-print.de\/wp\/wp-json\/wp\/v2\/pages\/138\/revisions"}],"predecessor-version":[{"id":816,"href":"https:\/\/constabel-print.de\/wp\/wp-json\/wp\/v2\/pages\/138\/revisions\/816"}],"wp:attachment":[{"href":"https:\/\/constabel-print.de\/wp\/wp-json\/wp\/v2\/media?parent=138"}],"curies":[{"name":"wp","href":"https:\/\/api.w.org\/{rel}","templated":true}]}}